{"id":2628,"date":"2018-09-05T11:21:49","date_gmt":"2018-09-05T16:21:49","guid":{"rendered":"https:\/\/montreal.patenaudemartialarts.com\/?page_id=2628"},"modified":"2018-09-05T13:16:57","modified_gmt":"2018-09-05T18:16:57","slug":"thank-you","status":"publish","type":"page","link":"https:\/\/montreal.patenaudemartialarts.com\/en\/thank-you\/","title":{"rendered":"Thank You"},"content":{"rendered":"<p>Thank You for filling out the Free 7 day Pass. We will be in touch shortly to get you started.<\/p>\n<p>If you need to reach us immediately, call 514-276-2701<\/p>\n<p>If you prefer by text, 613-761-2701<\/p>\n<p>You can also friend me on Facebook, <a href=\"\/\/www.facebook.com\/sibok.patenaude\">https:\/\/www.facebook.com\/sibok.patenaude<\/a><\/p>\n<p>To stay up to date with events and special offers at our Montreal location, like our page, <a href=\"https:\/\/www.facebook.com\/MartialartsMontreal\/\">https:\/\/www.facebook.com\/MartialartsMontreal\/<\/a><\/p>\n<p>To see videos on various martial arts subjects, visit my Youtube Channel, <a href=\"https:\/\/www.youtube.com\/user\/SibokM\">https:\/\/www.youtube.com\/user\/SibokM<\/a><\/p>\n<p>Looking forward to meeting you and getting you started on your martial arts journey.<\/p>\n<p>Sibok Martin Patenaude<br \/>\nChief Instructor &#8211; Montreal Location<\/p>\n<p>&#8212;&#8212;&#8212;&#8212;&#8212;&#8212;&#8212;&#8212;&#8212;&#8212;&#8212;&#8212;&#8212;&#8212;&#8212;&#8212;&#8212;&#8212;&#8212;&#8212;&#8211;<\/p>\n<p>Merci d&#8217;avoir rempli le formulaire d&#8217;obtention d&#8217;un laisser-passer gratuit de 7 jours. Nous communiquerons avec vous sous peu pour vous aider \u00e0 commencer l&#8217;entra\u00eenement.<\/p>\n<p>Si vous souhaitez communiquer avec nous d\u00e8s maintenant, composez le (514) 276-2701.<\/p>\n<p>Si vous pr\u00e9f\u00e9rez communiquer par textos, composez le (613) 761-2701.<\/p>\n<p>Vous pouvez \u00e9glament m&#8217;envoyer une demande d&#8217;ami Facebook (https:\/\/www.facebook.com\/sibok.patenaude).<\/p>\n<p>Pour demeurer \u00e0 l&#8217;aff\u00fbt des offres sp\u00e9ciales et des \u00e9v\u00e9nements pr\u00e9vus \u00e0 l&#8217;\u00c9cole de Montr\u00e9al, aimez notre page Facebook (https:\/\/www.facebook.com\/MartialartsMontreal\/).<\/p>\n<p>Pour regarder des vid\u00e9os sur divers sujets li\u00e9s aux arts martiaux, visitez ma cha\u00eene YouTube (https:\/\/www.youtube.com\/user\/SibokM).<\/p>\n<p>Au plaisir de vous rencontrer et de vous aider \u00e0 commencer votre apprentissage des arts martiaux.<\/p>\n<p>Sibok Martin Patenaude<br \/>\nInstructeur en chef \u2013 \u00c9cole de Montr\u00e9al<\/p>\n","protected":false},"excerpt":{"rendered":"<p>Thank You for filling out the Free 7 day Pass. We will be in touch shortly to get you started. If you need to reach us immediately, call 514-276-2701 If you prefer by text, 613-761-2701 You can also friend me on Facebook, https:\/\/www.facebook.com\/sibok.patenaude To stay up to date with events and special offers at our [&hellip;]<\/p>\n","protected":false},"author":20,"featured_media":0,"parent":0,"menu_order":0,"comment_status":"closed","ping_status":"closed","template":"","meta":{"footnotes":""},"class_list":["post-2628","page","type-page","status-publish","hentry"],"yoast_head":"<!-- This site is optimized with the Yoast SEO plugin v27.3 - https:\/\/yoast.com\/product\/yoast-seo-wordpress\/ -->\n<title>Thank You - Montreal Patenaude Martial Arts &amp; Fitness<\/title>\n<meta name=\"robots\" content=\"index, follow, max-snippet:-1, max-image-preview:large, max-video-preview:-1\" \/>\n<link rel=\"canonical\" href=\"https:\/\/montreal.patenaudemartialarts.com\/en\/thank-you\/\" \/>\n<meta property=\"og:locale\" content=\"en_US\" \/>\n<meta property=\"og:type\" content=\"article\" \/>\n<meta property=\"og:title\" content=\"Thank You - Montreal Patenaude Martial Arts &amp; Fitness\" \/>\n<meta property=\"og:description\" content=\"Thank You for filling out the Free 7 day Pass. We will be in touch shortly to get you started. If you need to reach us immediately, call 514-276-2701 If you prefer by text, 613-761-2701 You can also friend me on Facebook, https:\/\/www.facebook.com\/sibok.patenaude To stay up to date with events and special offers at our [&hellip;]\" \/>\n<meta property=\"og:url\" content=\"https:\/\/montreal.patenaudemartialarts.com\/en\/thank-you\/\" \/>\n<meta property=\"og:site_name\" content=\"Montreal Patenaude Martial Arts &amp; Fitness\" \/>\n<meta property=\"article:publisher\" content=\"https:\/\/www.facebook.com\/PatenaudeMartialArts\" \/>\n<meta property=\"article:modified_time\" content=\"2018-09-05T18:16:57+00:00\" \/>\n<meta name=\"twitter:card\" content=\"summary_large_image\" \/>\n<meta name=\"twitter:site\" content=\"@fangshendo\" \/>\n<meta name=\"twitter:label1\" content=\"Est. reading time\" \/>\n\t<meta name=\"twitter:data1\" content=\"1 minute\" \/>\n<script type=\"application\/ld+json\" class=\"yoast-schema-graph\">{\"@context\":\"https:\\\/\\\/schema.org\",\"@graph\":[{\"@type\":\"WebPage\",\"@id\":\"https:\\\/\\\/montreal.patenaudemartialarts.com\\\/en\\\/thank-you\\\/\",\"url\":\"https:\\\/\\\/montreal.patenaudemartialarts.com\\\/en\\\/thank-you\\\/\",\"name\":\"Thank You - Montreal Patenaude Martial Arts &amp; Fitness\",\"isPartOf\":{\"@id\":\"https:\\\/\\\/montreal.patenaudemartialarts.tempurl.host\\\/#website\"},\"datePublished\":\"2018-09-05T16:21:49+00:00\",\"dateModified\":\"2018-09-05T18:16:57+00:00\",\"breadcrumb\":{\"@id\":\"https:\\\/\\\/montreal.patenaudemartialarts.com\\\/en\\\/thank-you\\\/#breadcrumb\"},\"inLanguage\":\"en-US\",\"potentialAction\":[{\"@type\":\"ReadAction\",\"target\":[\"https:\\\/\\\/montreal.patenaudemartialarts.com\\\/en\\\/thank-you\\\/\"]}]},{\"@type\":\"BreadcrumbList\",\"@id\":\"https:\\\/\\\/montreal.patenaudemartialarts.com\\\/en\\\/thank-you\\\/#breadcrumb\",\"itemListElement\":[{\"@type\":\"ListItem\",\"position\":1,\"name\":\"Home\",\"item\":\"https:\\\/\\\/montreal.patenaudemartialarts.com\\\/en\\\/\"},{\"@type\":\"ListItem\",\"position\":2,\"name\":\"Thank You\"}]},{\"@type\":\"WebSite\",\"@id\":\"https:\\\/\\\/montreal.patenaudemartialarts.tempurl.host\\\/#website\",\"url\":\"https:\\\/\\\/montreal.patenaudemartialarts.tempurl.host\\\/\",\"name\":\"Montreal Patenaude Martial Arts &amp; Fitness\",\"description\":\"montreal-martial-arts-kickboxing-mma\",\"potentialAction\":[{\"@type\":\"SearchAction\",\"target\":{\"@type\":\"EntryPoint\",\"urlTemplate\":\"https:\\\/\\\/montreal.patenaudemartialarts.tempurl.host\\\/?s={search_term_string}\"},\"query-input\":{\"@type\":\"PropertyValueSpecification\",\"valueRequired\":true,\"valueName\":\"search_term_string\"}}],\"inLanguage\":\"en-US\"}]}<\/script>\n<!-- \/ Yoast SEO plugin. -->","yoast_head_json":{"title":"Thank You - Montreal Patenaude Martial Arts &amp; Fitness","robots":{"index":"index","follow":"follow","max-snippet":"max-snippet:-1","max-image-preview":"max-image-preview:large","max-video-preview":"max-video-preview:-1"},"canonical":"https:\/\/montreal.patenaudemartialarts.com\/en\/thank-you\/","og_locale":"en_US","og_type":"article","og_title":"Thank You - Montreal Patenaude Martial Arts &amp; Fitness","og_description":"Thank You for filling out the Free 7 day Pass. We will be in touch shortly to get you started. If you need to reach us immediately, call 514-276-2701 If you prefer by text, 613-761-2701 You can also friend me on Facebook, https:\/\/www.facebook.com\/sibok.patenaude To stay up to date with events and special offers at our [&hellip;]","og_url":"https:\/\/montreal.patenaudemartialarts.com\/en\/thank-you\/","og_site_name":"Montreal Patenaude Martial Arts &amp; Fitness","article_publisher":"https:\/\/www.facebook.com\/PatenaudeMartialArts","article_modified_time":"2018-09-05T18:16:57+00:00","twitter_card":"summary_large_image","twitter_site":"@fangshendo","twitter_misc":{"Est. reading time":"1 minute"},"schema":{"@context":"https:\/\/schema.org","@graph":[{"@type":"WebPage","@id":"https:\/\/montreal.patenaudemartialarts.com\/en\/thank-you\/","url":"https:\/\/montreal.patenaudemartialarts.com\/en\/thank-you\/","name":"Thank You - Montreal Patenaude Martial Arts &amp; Fitness","isPartOf":{"@id":"https:\/\/montreal.patenaudemartialarts.tempurl.host\/#website"},"datePublished":"2018-09-05T16:21:49+00:00","dateModified":"2018-09-05T18:16:57+00:00","breadcrumb":{"@id":"https:\/\/montreal.patenaudemartialarts.com\/en\/thank-you\/#breadcrumb"},"inLanguage":"en-US","potentialAction":[{"@type":"ReadAction","target":["https:\/\/montreal.patenaudemartialarts.com\/en\/thank-you\/"]}]},{"@type":"BreadcrumbList","@id":"https:\/\/montreal.patenaudemartialarts.com\/en\/thank-you\/#breadcrumb","itemListElement":[{"@type":"ListItem","position":1,"name":"Home","item":"https:\/\/montreal.patenaudemartialarts.com\/en\/"},{"@type":"ListItem","position":2,"name":"Thank You"}]},{"@type":"WebSite","@id":"https:\/\/montreal.patenaudemartialarts.tempurl.host\/#website","url":"https:\/\/montreal.patenaudemartialarts.tempurl.host\/","name":"Montreal Patenaude Martial Arts &amp; Fitness","description":"montreal-martial-arts-kickboxing-mma","potentialAction":[{"@type":"SearchAction","target":{"@type":"EntryPoint","urlTemplate":"https:\/\/montreal.patenaudemartialarts.tempurl.host\/?s={search_term_string}"},"query-input":{"@type":"PropertyValueSpecification","valueRequired":true,"valueName":"search_term_string"}}],"inLanguage":"en-US"}]}},"_links":{"self":[{"href":"https:\/\/montreal.patenaudemartialarts.com\/en\/wp-json\/wp\/v2\/pages\/2628","targetHints":{"allow":["GET"]}}],"collection":[{"href":"https:\/\/montreal.patenaudemartialarts.com\/en\/wp-json\/wp\/v2\/pages"}],"about":[{"href":"https:\/\/montreal.patenaudemartialarts.com\/en\/wp-json\/wp\/v2\/types\/page"}],"author":[{"embeddable":true,"href":"https:\/\/montreal.patenaudemartialarts.com\/en\/wp-json\/wp\/v2\/users\/20"}],"replies":[{"embeddable":true,"href":"https:\/\/montreal.patenaudemartialarts.com\/en\/wp-json\/wp\/v2\/comments?post=2628"}],"version-history":[{"count":0,"href":"https:\/\/montreal.patenaudemartialarts.com\/en\/wp-json\/wp\/v2\/pages\/2628\/revisions"}],"wp:attachment":[{"href":"https:\/\/montreal.patenaudemartialarts.com\/en\/wp-json\/wp\/v2\/media?parent=2628"}],"curies":[{"name":"wp","href":"https:\/\/api.w.org\/{rel}","templated":true}]}}